{"id":25864,"date":"2021-04-12T12:11:49","date_gmt":"2021-04-12T10:11:49","guid":{"rendered":"https:\/\/fiuw.uwr.edu.pl\/strona-glowna2-2\/"},"modified":"2025-05-28T15:27:59","modified_gmt":"2025-05-28T13:27:59","slug":"strona-glowna2-2","status":"publish","type":"page","link":"https:\/\/fiuw.uwr.edu.pl\/en\/","title":{"rendered":"Strona G\u0142\u00f3wna EN"},"content":{"rendered":"\n<div class=\"bs_add_mobile_custom_menu\"><\/div>\n\n\n\n<div class=\"wp-block-columns bs-section-baner bs_add_contained_custom_menu is-layout-flex wp-block-columns-is-layout-flex\">\n<div class=\"wp-block-column bs-baner-first-column is-layout-flow wp-block-column-is-layout-flow\" style=\"flex-basis:60%\">\n<p><\/p>\n\n\n<div class=\"n2_clear\"><ss3-force-full-width data-overflow-x=\"body\" data-horizontal-selector=\"body\"><div class=\"n2-section-smartslider fitvidsignore  n2_clear\" data-ssid=\"10\"><div id=\"n2-ss-10-align\" class=\"n2-ss-align\"><div class=\"n2-padding\"><div id=\"n2-ss-10\" data-creator=\"Smart Slider 3\" data-responsive=\"fullwidth\" class=\"n2-ss-slider n2-ow n2-has-hover n2notransition  \"><div class=\"n2-ss-slider-wrapper-inside\">\n        <div class=\"n2-ss-slider-1 n2_ss__touch_element n2-ow\">\n            <div class=\"n2-ss-slider-2 n2-ow\">\n                                                <div class=\"n2-ss-slider-3 n2-ow\">\n\n                    <div class=\"n2-ss-slide-backgrounds n2-ow-all\"><div class=\"n2-ss-slide-background\" data-public-id=\"1\" data-mode=\"fill\"><div class=\"n2-ss-slide-background-image\" data-blur=\"0\" data-opacity=\"100\" data-x=\"50\" data-y=\"50\" data-alt=\"\" data-title=\"\"><picture class=\"skip-lazy\" data-skip-lazy=\"1\"><img decoding=\"async\" src=\"\/\/fiuw.uwr.edu.pl\/wp-content\/uploads\/sites\/677\/2025\/03\/Bez-nazwy-5.jpg\" alt=\"\" title=\"\" loading=\"lazy\" class=\"skip-lazy\" data-skip-lazy=\"1\"><\/picture><\/div><div data-color=\"RGBA(255,255,255,0)\" style=\"background-color: RGBA(255,255,255,0);\" class=\"n2-ss-slide-background-color\"><\/div><\/div><div class=\"n2-ss-slide-background\" data-public-id=\"2\" data-mode=\"fill\" aria-hidden=\"true\"><div class=\"n2-ss-slide-background-image\" data-blur=\"0\" data-opacity=\"100\" data-x=\"50\" data-y=\"50\" data-alt=\"\" data-title=\"\"><picture class=\"skip-lazy\" data-skip-lazy=\"1\"><img decoding=\"async\" src=\"\/\/fiuw.uwr.edu.pl\/wp-content\/uploads\/sites\/677\/2025\/03\/wydzial-Prawa-Administracji-i-Ekonomii-fot-Dominika-Hull_Prawo_www.jpg\" alt=\"\" title=\"\" loading=\"lazy\" class=\"skip-lazy\" data-skip-lazy=\"1\"><\/picture><\/div><div data-color=\"RGBA(255,255,255,0)\" style=\"background-color: RGBA(255,255,255,0);\" class=\"n2-ss-slide-background-color\"><\/div><\/div><div class=\"n2-ss-slide-background\" data-public-id=\"3\" data-mode=\"fill\" aria-hidden=\"true\"><div class=\"n2-ss-slide-background-image\" data-blur=\"0\" data-opacity=\"100\" data-x=\"50\" data-y=\"50\" data-alt=\"kilka czasopism\" data-title=\"\"><picture class=\"skip-lazy\" data-skip-lazy=\"1\"><img decoding=\"async\" src=\"\/\/fiuw.uwr.edu.pl\/wp-content\/uploads\/sites\/677\/2025\/03\/kilka-czasopism.jpg\" alt=\"kilka czasopism\" title=\"\" loading=\"lazy\" class=\"skip-lazy\" data-skip-lazy=\"1\"><\/picture><\/div><div data-color=\"RGBA(255,255,255,0)\" style=\"background-color: RGBA(255,255,255,0);\" class=\"n2-ss-slide-background-color\"><\/div><\/div><div class=\"n2-ss-slide-background\" data-public-id=\"4\" data-mode=\"fill\" aria-hidden=\"true\"><div class=\"n2-ss-slide-background-image\" data-blur=\"0\" data-opacity=\"100\" data-x=\"50\" data-y=\"50\" data-alt=\"\" data-title=\"\"><picture class=\"skip-lazy\" data-skip-lazy=\"1\"><img decoding=\"async\" src=\"\/\/fiuw.uwr.edu.pl\/wp-content\/uploads\/sites\/677\/2025\/03\/Bez-nazwy-7-scaled.jpg\" alt=\"\" title=\"\" loading=\"lazy\" class=\"skip-lazy\" data-skip-lazy=\"1\"><\/picture><\/div><div data-color=\"RGBA(255,255,255,0)\" style=\"background-color: RGBA(255,255,255,0);\" class=\"n2-ss-slide-background-color\"><\/div><\/div><div class=\"n2-ss-slide-background\" data-public-id=\"5\" data-mode=\"fill\" aria-hidden=\"true\"><div class=\"n2-ss-slide-background-image\" data-blur=\"0\" data-opacity=\"100\" data-x=\"50\" data-y=\"50\" data-alt=\"\" data-title=\"\"><picture class=\"skip-lazy\" data-skip-lazy=\"1\"><img decoding=\"async\" src=\"\/\/fiuw.uwr.edu.pl\/wp-content\/uploads\/sites\/677\/2025\/03\/wydzial-Prawa-Administracji-i-Ekonomii-fot-Dominika-Hull_Prawo_www.jpg\" alt=\"\" title=\"\" loading=\"lazy\" class=\"skip-lazy\" data-skip-lazy=\"1\"><\/picture><\/div><div data-color=\"RGBA(255,255,255,0)\" style=\"background-color: RGBA(255,255,255,0);\" class=\"n2-ss-slide-background-color\"><\/div><\/div><div class=\"n2-ss-slide-background\" data-public-id=\"6\" data-mode=\"fill\" aria-hidden=\"true\"><div class=\"n2-ss-slide-background-image\" data-blur=\"0\" data-opacity=\"100\" data-x=\"50\" data-y=\"50\" data-alt=\"uwr\" data-title=\"\"><picture class=\"skip-lazy\" data-skip-lazy=\"1\"><img decoding=\"async\" src=\"\/\/fiuw.uwr.edu.pl\/wp-content\/uploads\/sites\/677\/2022\/11\/2016_gmach_Dominika-Hull_11.jpg\" alt=\"uwr\" title=\"\" loading=\"lazy\" class=\"skip-lazy\" data-skip-lazy=\"1\"><\/picture><\/div><div data-color=\"RGBA(255,255,255,0)\" style=\"background-color: RGBA(255,255,255,0);\" class=\"n2-ss-slide-background-color\"><\/div><\/div><\/div>                    <div class=\"n2-ss-slider-4 n2-ow\">\n                        <svg xmlns=\"http:\/\/www.w3.org\/2000\/svg\" viewBox=\"0 0 1200 600\" data-related-device=\"desktopPortrait\" class=\"n2-ow n2-ss-preserve-size n2-ss-preserve-size--slider n2-ss-slide-limiter\"><\/svg><div data-first=\"1\" data-slide-duration=\"0\" data-id=\"73\" data-slide-public-id=\"1\" data-title=\"Bez nazwy-5\" class=\"n2-ss-slide n2-ow  n2-ss-slide-73\"><div role=\"note\" class=\"n2-ss-slide--focus\" tabindex=\"-1\">Bez nazwy-5<\/div><div class=\"n2-ss-layers-container n2-ss-slide-limiter n2-ow\"><div class=\"n2-ss-layer n2-ow n-uc-dbPtX8JBJagT\" data-sstype=\"slide\" data-pm=\"default\"><\/div><\/div><\/div><div data-slide-duration=\"0\" data-id=\"76\" data-slide-public-id=\"2\" aria-hidden=\"true\" data-title=\"wydzial-Prawa-Administracji-i-Ekonomii-fot-Dominika-Hull_Prawo_www\" class=\"n2-ss-slide n2-ow  n2-ss-slide-76\"><div role=\"note\" class=\"n2-ss-slide--focus\" tabindex=\"-1\">wydzial-Prawa-Administracji-i-Ekonomii-fot-Dominika-Hull_Prawo_www<\/div><div class=\"n2-ss-layers-container n2-ss-slide-limiter n2-ow\"><div class=\"n2-ss-layer n2-ow n-uc-Us2wibooVZLh\" data-sstype=\"slide\" data-pm=\"default\"><\/div><\/div><\/div><div data-slide-duration=\"0\" data-id=\"79\" data-slide-public-id=\"3\" aria-hidden=\"true\" data-title=\"kilka czasopism\" class=\"n2-ss-slide n2-ow  n2-ss-slide-79\"><div role=\"note\" class=\"n2-ss-slide--focus\" tabindex=\"-1\">kilka czasopism<\/div><div class=\"n2-ss-layers-container n2-ss-slide-limiter n2-ow\"><div class=\"n2-ss-layer n2-ow n-uc-j1SmqppLZ2ME\" data-sstype=\"slide\" data-pm=\"default\"><\/div><\/div><\/div><div data-slide-duration=\"0\" data-id=\"85\" data-slide-public-id=\"4\" aria-hidden=\"true\" data-title=\"Bez nazwy-7\" class=\"n2-ss-slide n2-ow  n2-ss-slide-85\"><div role=\"note\" class=\"n2-ss-slide--focus\" tabindex=\"-1\">Bez nazwy-7<\/div><div class=\"n2-ss-layers-container n2-ss-slide-limiter n2-ow\"><div class=\"n2-ss-layer n2-ow n-uc-vrBDE8PWeoGx\" data-sstype=\"slide\" data-pm=\"default\"><\/div><\/div><\/div><div data-slide-duration=\"0\" data-id=\"106\" data-slide-public-id=\"5\" aria-hidden=\"true\" data-title=\"wydzial-Prawa-Administracji-i-Ekonomii-fot-Dominika-Hull_Prawo_www\" class=\"n2-ss-slide n2-ow  n2-ss-slide-106\"><div role=\"note\" class=\"n2-ss-slide--focus\" tabindex=\"-1\">wydzial-Prawa-Administracji-i-Ekonomii-fot-Dominika-Hull_Prawo_www<\/div><div class=\"n2-ss-layers-container n2-ss-slide-limiter n2-ow\"><div class=\"n2-ss-layer n2-ow n-uc-7FRV1ANvER2h\" data-sstype=\"slide\" data-pm=\"default\"><\/div><\/div><\/div><div data-slide-duration=\"0\" data-id=\"109\" data-slide-public-id=\"6\" aria-hidden=\"true\" data-title=\"2016_gmach_Dominika-Hull_11\" class=\"n2-ss-slide n2-ow  n2-ss-slide-109\"><div role=\"note\" class=\"n2-ss-slide--focus\" tabindex=\"-1\">2016_gmach_Dominika-Hull_11<\/div><div class=\"n2-ss-layers-container n2-ss-slide-limiter n2-ow\"><div class=\"n2-ss-layer n2-ow n-uc-JV5OlVwsKHcD\" data-sstype=\"slide\" data-pm=\"default\"><\/div><\/div><\/div>                    <\/div>\n\n                                    <\/div>\n            <\/div>\n        <\/div>\n        <div class=\"n2-ss-slider-controls n2-ss-slider-controls-absolute-left-center\"><div style=\"--widget-offset:15px;\" class=\"n2-ss-widget nextend-arrow n2-ow-all nextend-arrow-previous  nextend-arrow-animated-fade\" data-hide-mobileportrait=\"1\" id=\"n2-ss-10-arrow-previous\" role=\"button\" aria-label=\"previous arrow\" tabindex=\"0\"><img loading=\"lazy\" decoding=\"async\" width=\"32\" height=\"32\" class=\"skip-lazy\" data-skip-lazy=\"1\" src=\"data:image\/svg+xml;base64,PHN2ZyB3aWR0aD0iMzIiIGhlaWdodD0iMzIiIHZpZXdCb3g9IjAgMCAzMiAzMiIgeG1sbnM9Imh0dHA6Ly93d3cudzMub3JnLzIwMDAvc3ZnIj4KICAgIDxwYXRoIGQ9Ik0xMS40MzMgMTUuOTkyTDIyLjY5IDUuNzEyYy4zOTMtLjM5LjM5My0xLjAzIDAtMS40Mi0uMzkzLS4zOS0xLjAzLS4zOS0xLjQyMyAwbC0xMS45OCAxMC45NGMtLjIxLjIxLS4zLjQ5LS4yODUuNzYtLjAxNS4yOC4wNzUuNTYuMjg0Ljc3bDExLjk4IDEwLjk0Yy4zOTMuMzkgMS4wMy4zOSAxLjQyNCAwIC4zOTMtLjQuMzkzLTEuMDMgMC0xLjQybC0xMS4yNTctMTAuMjkiCiAgICAgICAgICBmaWxsPSIjZmZmZmZmIiBvcGFjaXR5PSIwLjgiIGZpbGwtcnVsZT0iZXZlbm9kZCIvPgo8L3N2Zz4=\" alt=\"previous arrow\"><\/div><\/div><div class=\"n2-ss-slider-controls n2-ss-slider-controls-absolute-right-center\"><div style=\"--widget-offset:15px;\" class=\"n2-ss-widget nextend-arrow n2-ow-all nextend-arrow-next  nextend-arrow-animated-fade\" data-hide-mobileportrait=\"1\" id=\"n2-ss-10-arrow-next\" role=\"button\" aria-label=\"next arrow\" tabindex=\"0\"><img loading=\"lazy\" decoding=\"async\" width=\"32\" height=\"32\" class=\"skip-lazy\" data-skip-lazy=\"1\" src=\"data:image\/svg+xml;base64,PHN2ZyB3aWR0aD0iMzIiIGhlaWdodD0iMzIiIHZpZXdCb3g9IjAgMCAzMiAzMiIgeG1sbnM9Imh0dHA6Ly93d3cudzMub3JnLzIwMDAvc3ZnIj4KICAgIDxwYXRoIGQ9Ik0xMC43MjIgNC4yOTNjLS4zOTQtLjM5LTEuMDMyLS4zOS0xLjQyNyAwLS4zOTMuMzktLjM5MyAxLjAzIDAgMS40MmwxMS4yODMgMTAuMjgtMTEuMjgzIDEwLjI5Yy0uMzkzLjM5LS4zOTMgMS4wMiAwIDEuNDIuMzk1LjM5IDEuMDMzLjM5IDEuNDI3IDBsMTIuMDA3LTEwLjk0Yy4yMS0uMjEuMy0uNDkuMjg0LS43Ny4wMTQtLjI3LS4wNzYtLjU1LS4yODYtLjc2TDEwLjcyIDQuMjkzeiIKICAgICAgICAgIGZpbGw9IiNmZmZmZmYiIG9wYWNpdHk9IjAuOCIgZmlsbC1ydWxlPSJldmVub2RkIi8+Cjwvc3ZnPg==\" alt=\"next arrow\"><\/div><\/div><\/div><\/div><ss3-loader><\/ss3-loader><\/div><\/div><div class=\"n2_clear\"><\/div><\/div><\/ss3-force-full-width><\/div>\n\n\n<p><\/p>\n\n\n\n<p><\/p>\n<\/div>\n\n\n\n<div class=\"wp-block-column bs-baner-second-column is-layout-flow wp-block-column-is-layout-flow\" style=\"flex-basis:40%\">\r\n  <p class=\"bs-baner-text\">\r\n      <\/p>\r\n\n\n\n<div class=\"wp-block-stackable-columns stk-block-columns stk-block stk-7c83aad\" data-block-id=\"7c83aad\"><div class=\"stk-row stk-inner-blocks stk-block-content stk-content-align stk-7c83aad-column\">\n<div class=\"wp-block-stackable-column stk-block-column stk-column stk-block stk-cd0fb1d\" data-v=\"4\" data-block-id=\"cd0fb1d\"><style>@media screen and (min-width: 768px){.stk-cd0fb1d {flex:var(--stk-flex-grow, 1) 1 calc(16.8% - var(--stk-column-gap, 0px) * 2 \/ 3 ) !important;}}<\/style><div class=\"stk-column-wrapper stk-block-column__content stk-container stk-cd0fb1d-container stk--no-background stk--no-padding\"><div class=\"stk-block-content stk-inner-blocks stk-cd0fb1d-inner-blocks\"><\/div><\/div><\/div>\n\n\n\n<div class=\"wp-block-stackable-column stk-block-column stk-column stk-block stk-30fd570\" data-v=\"4\" data-block-id=\"30fd570\"><style>@media screen and (min-width: 768px){.stk-30fd570 {flex:var(--stk-flex-grow, 1) 1 calc(79.4% - var(--stk-column-gap, 0px) * 2 \/ 3 ) !important;}}<\/style><div class=\"stk-column-wrapper stk-block-column__content stk-container stk-30fd570-container stk--no-background stk--no-padding\"><div class=\"stk-block-content stk-inner-blocks stk-30fd570-inner-blocks\">\n<p><a href=\"https:\/\/bibliotekacyfrowa.pl\/publication\/158417\"><strong>Bie\u017c\u0105cy numer: <\/strong><\/a><\/p>\n\n\n\n<p><strong><a href=\"https:\/\/bibliotekacyfrowa.pl\/publication\/158417\">Folia Iuridica Universitatis Wratislaviensis 2024 vol. 13 no. 2<\/a><\/strong><\/p>\n<\/div><\/div><\/div>\n\n\n\n<div class=\"wp-block-stackable-column stk-block-column stk-column stk-block stk-4d7310f\" data-v=\"4\" data-block-id=\"4d7310f\"><style>@media screen and (min-width: 768px){.stk-4d7310f {flex:var(--stk-flex-grow, 1) 1 calc(3.799999999999997% - var(--stk-column-gap, 0px) * 2 \/ 3 ) !important;}}<\/style><div class=\"stk-column-wrapper stk-block-column__content stk-container stk-4d7310f-container stk--no-background stk--no-padding\"><div class=\"stk-block-content stk-inner-blocks stk-4d7310f-inner-blocks\"><\/div><\/div><\/div>\n<\/div><\/div>\n\n\n\n<div class=\"wp-block-group is-nowrap is-layout-flex wp-block-group-is-layout-flex\">\n<div class=\"wp-block-columns is-layout-flex wp-block-columns-is-layout-flex\">\n<div class=\"wp-block-column odstep-prawy is-layout-flow wp-block-column-is-layout-flow\"><\/div>\n<\/div>\n\n\n\n<figure class=\"wp-block-image alignright size-full bs-baner-badawcza\"><img loading=\"lazy\" decoding=\"async\" width=\"1024\" height=\"502\" src=\"https:\/\/fiuw.uwr.edu.pl\/wp-content\/uploads\/sites\/677\/2021\/04\/213@2x-1024x502-1.webp\" alt=\"Uczelnia badawcza - banner\" class=\"wp-image-22629\" srcset=\"https:\/\/fiuw.uwr.edu.pl\/wp-content\/uploads\/sites\/677\/2021\/04\/213@2x-1024x502-1.webp 1024w, https:\/\/fiuw.uwr.edu.pl\/wp-content\/uploads\/sites\/677\/2021\/04\/213@2x-1024x502-1-300x147.webp 300w, https:\/\/fiuw.uwr.edu.pl\/wp-content\/uploads\/sites\/677\/2021\/04\/213@2x-1024x502-1-768x377.webp 768w, https:\/\/fiuw.uwr.edu.pl\/wp-content\/uploads\/sites\/677\/2021\/04\/213@2x-1024x502-1-24x12.webp 24w, https:\/\/fiuw.uwr.edu.pl\/wp-content\/uploads\/sites\/677\/2021\/04\/213@2x-1024x502-1-36x18.webp 36w, https:\/\/fiuw.uwr.edu.pl\/wp-content\/uploads\/sites\/677\/2021\/04\/213@2x-1024x502-1-48x24.webp 48w\" sizes=\"auto, (max-width: 1024px) 100vw, 1024px\" \/><figcaption class=\"wp-element-caption\"><a href=\"https:\/\/badawczy.uwr.edu.pl\/\" target=\"_blank\" rel=\"noreferrer noopener\"><\/a><\/figcaption><\/figure>\n<\/div>\n<\/div>\n<\/div>\n\n\n\n<div id=\"aktualnosci-block\" class=\"aktualnosci-block \">\n            <h2 class=\"aktualnosci-block-naglowek\">Aktualno\u015bci<\/h2>\n            <div class=\"row\">\n        There are no news to display    <\/div>\n<div class=\"clear\"><\/div>\n\n\n<\/div>\n\n\n<hr class=\"wp-block-separator has-text-color has-css-opacity has-background is-style-wide bs-border-na-sztywno\" style=\"background-color:#fcbd30;color:#fcbd30\"\/>\n","protected":false},"excerpt":{"rendered":"<p>Bie\u017c\u0105cy numer: Folia Iuridica Universitatis Wratislaviensis 2024 vol. 13 no. 2<\/p>\n","protected":false},"author":20,"featured_media":0,"parent":0,"menu_order":2,"comment_status":"closed","ping_status":"closed","template":"","meta":{"_acf_changed":false,"inline_featured_image":false,"site-sidebar-layout":"no-sidebar","site-content-layout":"page-builder","ast-site-content-layout":"full-width-container","site-content-style":"unboxed","site-sidebar-style":"unboxed","ast-global-header-display":"","ast-banner-title-visibility":"","ast-main-header-display":"","ast-hfb-above-header-display":"","ast-hfb-below-header-display":"","ast-hfb-mobile-header-display":"","site-post-title":"disabled","ast-breadcrumbs-content":"","ast-featured-img":"","footer-sml-layout":"","ast-disable-related-posts":"","theme-transparent-header-meta":"default","adv-header-id-meta":"","stick-header-meta":"","header-above-stick-meta":"","header-main-stick-meta":"","header-below-stick-meta":"","astra-migrate-meta-layouts":"set","ast-page-background-enabled":"default","ast-page-background-meta":{"desktop":{"background-color":"","background-image":"","background-repeat":"repeat","background-position":"center center","background-size":"auto","background-attachment":"scroll","background-type":"","background-media":"","overlay-type":"","overlay-color":"","overlay-opacity":"","overlay-gradient":""},"tablet":{"background-color":"","background-image":"","background-repeat":"repeat","background-position":"center center","background-size":"auto","background-attachment":"scroll","background-type":"","background-media":"","overlay-type":"","overlay-color":"","overlay-opacity":"","overlay-gradient":""},"mobile":{"background-color":"","background-image":"","background-repeat":"repeat","background-position":"center center","background-size":"auto","background-attachment":"scroll","background-type":"","background-media":"","overlay-type":"","overlay-color":"","overlay-opacity":"","overlay-gradient":""}},"ast-content-background-meta":{"desktop":{"background-color":"var(--ast-global-color-5)","background-image":"","background-repeat":"repeat","background-position":"center center","background-size":"auto","background-attachment":"scroll","background-type":"","background-media":"","overlay-type":"","overlay-color":"","overlay-opacity":"","overlay-gradient":""},"tablet":{"background-color":"var(--ast-global-color-5)","background-image":"","background-repeat":"repeat","background-position":"center center","background-size":"auto","background-attachment":"scroll","background-type":"","background-media":"","overlay-type":"","overlay-color":"","overlay-opacity":"","overlay-gradient":""},"mobile":{"background-color":"var(--ast-global-color-5)","background-image":"","background-repeat":"repeat","background-position":"center center","background-size":"auto","background-attachment":"scroll","background-type":"","background-media":"","overlay-type":"","overlay-color":"","overlay-opacity":"","overlay-gradient":""}},"footnotes":""},"categories":[],"tags":[],"class_list":["post-25864","page","type-page","status-publish","hentry"],"featured_image_urls_v2":{"full":"","thumbnail":"","medium":"","medium_large":"","large":"","1536x1536":"","2048x2048":"","menu-24x24":"","menu-36x36":"","menu-48x48":""},"post_excerpt_stackable_v2":"<p>Bez nazwy-5wydzial-Prawa-Administracji-i-Ekonomii-fot-Dominika-Hull_Prawo_wwwkilka czasopismBez nazwy-7wydzial-Prawa-Administracji-i-Ekonomii-fot-Dominika-Hull_Prawo_www2016_gmach_Dominika-Hull_11 Bie\u017c\u0105cy numer: Folia Iuridica Universitatis Wratislaviensis 2024 vol. 13 no. 2 Aktualno\u015bci There are no news to display<\/p>\n","category_list_v2":"Uncategorized","author_info_v2":{"name":"mmatlinski","url":"https:\/\/fiuw.uwr.edu.pl\/en\/author\/mmatlinski\/"},"comments_num_v2":"0 comments","acf":[],"yoast_head":"<!-- This site is optimized with the Yoast SEO plugin v27.1.1 - https:\/\/yoast.com\/product\/yoast-seo-wordpress\/ -->\n<title>Strona G\u0142\u00f3wna EN - Testowa Witryna<\/title>\n<meta name=\"robots\" content=\"index, follow, max-snippet:-1, max-image-preview:large, max-video-preview:-1\" \/>\n<link rel=\"canonical\" href=\"https:\/\/fiuw.uwr.edu.pl\/en\/\" \/>\n<meta property=\"og:locale\" content=\"en_US\" \/>\n<meta property=\"og:type\" content=\"article\" \/>\n<meta property=\"og:title\" content=\"Strona G\u0142\u00f3wna EN - Testowa Witryna\" \/>\n<meta property=\"og:description\" content=\"Bie\u017c\u0105cy numer: Folia Iuridica Universitatis Wratislaviensis 2024 vol. 13 no. 2\" \/>\n<meta property=\"og:url\" content=\"https:\/\/fiuw.uwr.edu.pl\/en\/\" \/>\n<meta property=\"og:site_name\" content=\"Testowa Witryna\" \/>\n<meta property=\"article:modified_time\" content=\"2025-05-28T13:27:59+00:00\" \/>\n<meta property=\"og:image\" content=\"https:\/\/fiuw.uwr.edu.pl\/wp-content\/uploads\/sites\/677\/2021\/04\/213@2x-1024x502-1.webp\" \/>\n<meta name=\"twitter:card\" content=\"summary_large_image\" \/>\n<meta name=\"twitter:label1\" content=\"Est. reading time\" \/>\n\t<meta name=\"twitter:data1\" content=\"1 minute\" \/>\n<script type=\"application\/ld+json\" class=\"yoast-schema-graph\">{\"@context\":\"https:\/\/schema.org\",\"@graph\":[{\"@type\":\"WebPage\",\"@id\":\"https:\/\/fiuw.uwr.edu.pl\/en\/\",\"url\":\"https:\/\/fiuw.uwr.edu.pl\/en\/\",\"name\":\"Strona G\u0142\u00f3wna EN - Testowa Witryna\",\"isPartOf\":{\"@id\":\"https:\/\/fiuw.uwr.edu.pl\/#website\"},\"primaryImageOfPage\":{\"@id\":\"https:\/\/fiuw.uwr.edu.pl\/en\/#primaryimage\"},\"image\":{\"@id\":\"https:\/\/fiuw.uwr.edu.pl\/en\/#primaryimage\"},\"thumbnailUrl\":\"https:\/\/fiuw.uwr.edu.pl\/wp-content\/uploads\/sites\/677\/2021\/04\/213@2x-1024x502-1.webp\",\"datePublished\":\"2021-04-12T10:11:49+00:00\",\"dateModified\":\"2025-05-28T13:27:59+00:00\",\"breadcrumb\":{\"@id\":\"https:\/\/fiuw.uwr.edu.pl\/en\/#breadcrumb\"},\"inLanguage\":\"en-US\",\"potentialAction\":[{\"@type\":\"ReadAction\",\"target\":[\"https:\/\/fiuw.uwr.edu.pl\/en\/\"]}]},{\"@type\":\"ImageObject\",\"inLanguage\":\"en-US\",\"@id\":\"https:\/\/fiuw.uwr.edu.pl\/en\/#primaryimage\",\"url\":\"https:\/\/fiuw.uwr.edu.pl\/wp-content\/uploads\/sites\/677\/2021\/04\/213@2x-1024x502-1.webp\",\"contentUrl\":\"https:\/\/fiuw.uwr.edu.pl\/wp-content\/uploads\/sites\/677\/2021\/04\/213@2x-1024x502-1.webp\"},{\"@type\":\"BreadcrumbList\",\"@id\":\"https:\/\/fiuw.uwr.edu.pl\/en\/#breadcrumb\",\"itemListElement\":[{\"@type\":\"ListItem\",\"position\":1,\"name\":\"Strona g\u0142\u00f3wna\",\"item\":\"https:\/\/fiuw.uwr.edu.pl\/en\/\"},{\"@type\":\"ListItem\",\"position\":2,\"name\":\"Strona G\u0142\u00f3wna EN\"}]},{\"@type\":\"WebSite\",\"@id\":\"https:\/\/fiuw.uwr.edu.pl\/#website\",\"url\":\"https:\/\/fiuw.uwr.edu.pl\/\",\"name\":\"Testowa Witryna\",\"description\":\"Kolejna witryna sieci \u201eUWR Witryny\u201d\",\"publisher\":{\"@id\":\"https:\/\/fiuw.uwr.edu.pl\/#organization\"},\"potentialAction\":[{\"@type\":\"SearchAction\",\"target\":{\"@type\":\"EntryPoint\",\"urlTemplate\":\"https:\/\/fiuw.uwr.edu.pl\/?s={search_term_string}\"},\"query-input\":{\"@type\":\"PropertyValueSpecification\",\"valueRequired\":true,\"valueName\":\"search_term_string\"}}],\"inLanguage\":\"en-US\"},{\"@type\":\"Organization\",\"@id\":\"https:\/\/fiuw.uwr.edu.pl\/#organization\",\"name\":\"Testowa Witryna\",\"url\":\"https:\/\/fiuw.uwr.edu.pl\/\",\"logo\":{\"@type\":\"ImageObject\",\"inLanguage\":\"en-US\",\"@id\":\"https:\/\/fiuw.uwr.edu.pl\/#\/schema\/logo\/image\/\",\"url\":\"https:\/\/fiuw.uwr.edu.pl\/wp-content\/uploads\/sites\/677\/2025\/10\/UWr-logotyp-2025.png\",\"contentUrl\":\"https:\/\/fiuw.uwr.edu.pl\/wp-content\/uploads\/sites\/677\/2025\/10\/UWr-logotyp-2025.png\",\"width\":764,\"height\":269,\"caption\":\"Testowa Witryna\"},\"image\":{\"@id\":\"https:\/\/fiuw.uwr.edu.pl\/#\/schema\/logo\/image\/\"}}]}<\/script>\n<!-- \/ Yoast SEO plugin. -->","yoast_head_json":{"title":"Strona G\u0142\u00f3wna EN - Testowa Witryna","robots":{"index":"index","follow":"follow","max-snippet":"max-snippet:-1","max-image-preview":"max-image-preview:large","max-video-preview":"max-video-preview:-1"},"canonical":"https:\/\/fiuw.uwr.edu.pl\/en\/","og_locale":"en_US","og_type":"article","og_title":"Strona G\u0142\u00f3wna EN - Testowa Witryna","og_description":"Bie\u017c\u0105cy numer: Folia Iuridica Universitatis Wratislaviensis 2024 vol. 13 no. 2","og_url":"https:\/\/fiuw.uwr.edu.pl\/en\/","og_site_name":"Testowa Witryna","article_modified_time":"2025-05-28T13:27:59+00:00","og_image":[{"url":"https:\/\/fiuw.uwr.edu.pl\/wp-content\/uploads\/sites\/677\/2021\/04\/213@2x-1024x502-1.webp","type":"","width":"","height":""}],"twitter_card":"summary_large_image","twitter_misc":{"Est. reading time":"1 minute"},"schema":{"@context":"https:\/\/schema.org","@graph":[{"@type":"WebPage","@id":"https:\/\/fiuw.uwr.edu.pl\/en\/","url":"https:\/\/fiuw.uwr.edu.pl\/en\/","name":"Strona G\u0142\u00f3wna EN - Testowa Witryna","isPartOf":{"@id":"https:\/\/fiuw.uwr.edu.pl\/#website"},"primaryImageOfPage":{"@id":"https:\/\/fiuw.uwr.edu.pl\/en\/#primaryimage"},"image":{"@id":"https:\/\/fiuw.uwr.edu.pl\/en\/#primaryimage"},"thumbnailUrl":"https:\/\/fiuw.uwr.edu.pl\/wp-content\/uploads\/sites\/677\/2021\/04\/213@2x-1024x502-1.webp","datePublished":"2021-04-12T10:11:49+00:00","dateModified":"2025-05-28T13:27:59+00:00","breadcrumb":{"@id":"https:\/\/fiuw.uwr.edu.pl\/en\/#breadcrumb"},"inLanguage":"en-US","potentialAction":[{"@type":"ReadAction","target":["https:\/\/fiuw.uwr.edu.pl\/en\/"]}]},{"@type":"ImageObject","inLanguage":"en-US","@id":"https:\/\/fiuw.uwr.edu.pl\/en\/#primaryimage","url":"https:\/\/fiuw.uwr.edu.pl\/wp-content\/uploads\/sites\/677\/2021\/04\/213@2x-1024x502-1.webp","contentUrl":"https:\/\/fiuw.uwr.edu.pl\/wp-content\/uploads\/sites\/677\/2021\/04\/213@2x-1024x502-1.webp"},{"@type":"BreadcrumbList","@id":"https:\/\/fiuw.uwr.edu.pl\/en\/#breadcrumb","itemListElement":[{"@type":"ListItem","position":1,"name":"Strona g\u0142\u00f3wna","item":"https:\/\/fiuw.uwr.edu.pl\/en\/"},{"@type":"ListItem","position":2,"name":"Strona G\u0142\u00f3wna EN"}]},{"@type":"WebSite","@id":"https:\/\/fiuw.uwr.edu.pl\/#website","url":"https:\/\/fiuw.uwr.edu.pl\/","name":"Testowa Witryna","description":"Kolejna witryna sieci \u201eUWR Witryny\u201d","publisher":{"@id":"https:\/\/fiuw.uwr.edu.pl\/#organization"},"potentialAction":[{"@type":"SearchAction","target":{"@type":"EntryPoint","urlTemplate":"https:\/\/fiuw.uwr.edu.pl\/?s={search_term_string}"},"query-input":{"@type":"PropertyValueSpecification","valueRequired":true,"valueName":"search_term_string"}}],"inLanguage":"en-US"},{"@type":"Organization","@id":"https:\/\/fiuw.uwr.edu.pl\/#organization","name":"Testowa Witryna","url":"https:\/\/fiuw.uwr.edu.pl\/","logo":{"@type":"ImageObject","inLanguage":"en-US","@id":"https:\/\/fiuw.uwr.edu.pl\/#\/schema\/logo\/image\/","url":"https:\/\/fiuw.uwr.edu.pl\/wp-content\/uploads\/sites\/677\/2025\/10\/UWr-logotyp-2025.png","contentUrl":"https:\/\/fiuw.uwr.edu.pl\/wp-content\/uploads\/sites\/677\/2025\/10\/UWr-logotyp-2025.png","width":764,"height":269,"caption":"Testowa Witryna"},"image":{"@id":"https:\/\/fiuw.uwr.edu.pl\/#\/schema\/logo\/image\/"}}]}},"publishpress_future_action":{"enabled":false,"date":"2026-05-07 05:58:35","action":"change-status","newStatus":"draft","terms":[],"taxonomy":"category","extraData":[]},"publishpress_future_workflow_manual_trigger":{"enabledWorkflows":[]},"_links":{"self":[{"href":"https:\/\/fiuw.uwr.edu.pl\/en\/wp-json\/wp\/v2\/pages\/25864\/"}],"collection":[{"href":"https:\/\/fiuw.uwr.edu.pl\/en\/wp-json\/wp\/v2\/pages\/"}],"about":[{"href":"https:\/\/fiuw.uwr.edu.pl\/en\/wp-json\/wp\/v2\/types\/page\/"}],"author":[{"embeddable":true,"href":"https:\/\/fiuw.uwr.edu.pl\/en\/wp-json\/wp\/v2\/users\/20\/"}],"replies":[{"embeddable":true,"href":"https:\/\/fiuw.uwr.edu.pl\/en\/wp-json\/wp\/v2\/comments\/?post=25864"}],"version-history":[{"count":1,"href":"https:\/\/fiuw.uwr.edu.pl\/en\/wp-json\/wp\/v2\/pages\/25864\/revisions\/"}],"predecessor-version":[{"id":25867,"href":"https:\/\/fiuw.uwr.edu.pl\/en\/wp-json\/wp\/v2\/pages\/25864\/revisions\/25867\/"}],"wp:attachment":[{"href":"https:\/\/fiuw.uwr.edu.pl\/en\/wp-json\/wp\/v2\/media\/?parent=25864"}],"wp:term":[{"taxonomy":"category","embeddable":true,"href":"https:\/\/fiuw.uwr.edu.pl\/en\/wp-json\/wp\/v2\/categories\/?post=25864"},{"taxonomy":"post_tag","embeddable":true,"href":"https:\/\/fiuw.uwr.edu.pl\/en\/wp-json\/wp\/v2\/tags\/?post=25864"}],"curies":[{"name":"wp","href":"https:\/\/api.w.org\/{rel}","templated":true}]}}